{"id":315,"date":"2022-12-06T10:38:29","date_gmt":"2022-12-06T09:38:29","guid":{"rendered":"https:\/\/aberelek.com\/?page_id=315"},"modified":"2023-01-23T15:29:23","modified_gmt":"2023-01-23T14:29:23","slug":"secteurs-activites","status":"publish","type":"page","link":"https:\/\/aberelek.com\/?page_id=315","title":{"rendered":"Secteurs d&#8217;activit\u00e9s"},"content":{"rendered":"<p>[et_pb_section fb_built=&#8221;1&#8243; fullwidth=&#8221;on&#8221; _builder_version=&#8221;4.6.6&#8243; _module_preset=&#8221;default&#8221; locked=&#8221;off&#8221;][et_pb_fullwidth_header title=&#8221;Secteurs d\u2019activit\u00e9s&#8221; _builder_version=&#8221;4.6.6&#8243; _module_preset=&#8221;default&#8221; title_font=&#8221;|800||on|||||&#8221; title_text_align=&#8221;center&#8221; title_font_size=&#8221;50px&#8221; background_image=&#8221;https:\/\/aberelek.com\/wp-content\/uploads\/2023\/01\/SECT-ACT-scaled.jpg&#8221; min_height=&#8221;300px&#8221; custom_padding=&#8221;7%||||false|false&#8221; hover_enabled=&#8221;0&#8243; title_font_size_tablet=&#8221;&#8221; title_font_size_phone=&#8221;30px&#8221; title_font_size_last_edited=&#8221;on|phone&#8221; title_text=&#8221;SECT ACT&#8221; sticky_enabled=&#8221;0&#8243;][\/et_pb_fullwidth_header][\/et_pb_section][et_pb_section fb_built=&#8221;1&#8243; _builder_version=&#8221;4.6.6&#8243; _module_preset=&#8221;default&#8221; locked=&#8221;off&#8221;][et_pb_row _builder_version=&#8221;4.6.6&#8243; _module_preset=&#8221;default&#8221;][et_pb_column type=&#8221;4_4&#8243; _builder_version=&#8221;4.6.6&#8243; _module_preset=&#8221;default&#8221;][et_pb_text _builder_version=&#8221;4.6.6&#8243; _module_preset=&#8221;default&#8221; header_2_font=&#8221;|700|||||||&#8221; text_orientation=&#8221;center&#8221;]<\/p>\n<h2>Fort de l\u2019exp\u00e9rience de ses collaborateurs, Aberelek intervient sur les secteurs :<\/h2>\n<p>[\/et_pb_text][\/et_pb_column][\/et_pb_row][et_pb_row column_structure=&#8221;1_3,1_3,1_3&#8243; _builder_version=&#8221;4.6.6&#8243; _module_preset=&#8221;default&#8221; locked=&#8221;off&#8221;][et_pb_column type=&#8221;1_3&#8243; _builder_version=&#8221;4.6.6&#8243; _module_preset=&#8221;default&#8221;][et_pb_text _builder_version=&#8221;4.6.6&#8243; _module_preset=&#8221;default&#8221; header_font=&#8221;|800|||||||&#8221; header_text_align=&#8221;center&#8221; header_3_font=&#8221;|800|||||||&#8221; header_3_text_align=&#8221;center&#8221; header_3_text_color=&#8221;#ffffff&#8221; background_color=&#8221;rgba(0,0,0,0.51)&#8221; background_enable_image=&#8221;off&#8221; background_blend=&#8221;darken&#8221; width=&#8221;100%&#8221; max_width=&#8221;100%&#8221; min_height=&#8221;100px&#8221; custom_padding=&#8221;13%||||false|false&#8221; link_option_url=&#8221;#eau&#8221;]<\/p>\n<h3>EAU ET ASSAINISSEMENT<\/h3>\n<h3><\/h3>\n<p>[\/et_pb_text][et_pb_text _builder_version=&#8221;4.6.6&#8243; _module_preset=&#8221;default&#8221;]<\/p>\n<p><b>Nos principaux clients\u00a0:<\/b><\/p>\n<ul>\n<li><span><\/span>SUEZ EAU France<\/li>\n<li><span><\/span>Communaut\u00e9 Agglom\u00e9ration Pays-Basque<\/li>\n<li><span><\/span>Syndicats des Eaux (SIVU\/SYDEC\/EMMA etc.)<\/li>\n<\/ul>\n<p><b><\/b><\/p>\n<p><b>Nos principaux chantiers\u00a0:<\/b><\/p>\n<ul>\n<li><span><\/span>Station d\u2019\u00e9puration d\u2019Arudy (64)<span class=\"Apple-converted-space\">\u00a0<\/span><\/li>\n<li><span><\/span>Station d\u2019\u00e9puration d\u2019Eymet (24)<\/li>\n<li><span><\/span>Postes Rel\u00e8vement\/Refoulement \/ R\u00e9servoirs Eau Potable (64\/40)<span class=\"Apple-converted-space\">\u00a0<\/span><\/li>\n<\/ul>\n<p>[\/et_pb_text][\/et_pb_column][et_pb_column type=&#8221;1_3&#8243; _builder_version=&#8221;4.6.6&#8243; _module_preset=&#8221;default&#8221;][et_pb_text _builder_version=&#8221;4.6.6&#8243; _module_preset=&#8221;default&#8221; header_font=&#8221;|800|||||||&#8221; header_text_align=&#8221;center&#8221; header_3_font=&#8221;|800|||||||&#8221; header_3_text_align=&#8221;center&#8221; header_3_text_color=&#8221;#ffffff&#8221; background_color=&#8221;rgba(0,0,0,0.51)&#8221; background_enable_image=&#8221;off&#8221; background_blend=&#8221;darken&#8221; width=&#8221;100%&#8221; max_width=&#8221;100%&#8221; min_height=&#8221;100px&#8221; custom_padding=&#8221;10%||||false|false&#8221; link_option_url=&#8221;#froid&#8221;]<\/p>\n<h3>FROID INDUSTRIEL ET TRAITEMENT DE L&#8217;AIR<\/h3>\n<p>[\/et_pb_text][et_pb_text _builder_version=&#8221;4.6.6&#8243; _module_preset=&#8221;default&#8221;]<\/p>\n<p><b>Nos principaux clients\u00a0:<\/b><\/p>\n<ul>\n<li><span><\/span>Johnson Controls Industries<\/li>\n<li><span><\/span>CLAUGER<\/li>\n<li><span><\/span>SARRAT SFEI<\/li>\n<\/ul>\n<p><b>Nos principaux chantiers\u00a0:<\/b><\/p>\n<ul>\n<li><span><\/span>Usine Ateliers du Go\u00fbt \u00e0 Barbezieux Saint Hilaire (16)<\/li>\n<li><span><\/span>Usine Vegecroc \u00e0 Agen (47)<\/li>\n<li><span><\/span>Usine Bigard \u00e0 Castres (81)<\/li>\n<\/ul>\n<ul><\/ul>\n<p>[\/et_pb_text][\/et_pb_column][et_pb_column type=&#8221;1_3&#8243; _builder_version=&#8221;4.6.6&#8243; _module_preset=&#8221;default&#8221;][et_pb_text _builder_version=&#8221;4.6.6&#8243; _module_preset=&#8221;default&#8221; header_font=&#8221;|800|||||||&#8221; header_text_align=&#8221;center&#8221; header_3_font=&#8221;|800|||||||&#8221; header_3_text_align=&#8221;center&#8221; header_3_text_color=&#8221;#ffffff&#8221; background_color=&#8221;rgba(0,0,0,0.51)&#8221; background_enable_image=&#8221;off&#8221; background_blend=&#8221;darken&#8221; width=&#8221;100%&#8221; max_width=&#8221;100%&#8221; min_height=&#8221;100px&#8221; custom_padding=&#8221;13%||||false|false&#8221; link_option_url=&#8221;#act&#8221;]<\/p>\n<h3>ACTIVIT\u00c9S COMPL\u00c9MENTAIRES<\/h3>\n<p>[\/et_pb_text][et_pb_text _builder_version=&#8221;4.6.6&#8243; _module_preset=&#8221;default&#8221;]<\/p>\n<p><b>Nos principaux clients\u00a0:<\/b><\/p>\n<ul>\n<li><span><\/span>Camping OYAM<\/li>\n<li><span><\/span>SPIE Industries<\/li>\n<li><span><\/span>CLEVIA<\/li>\n<\/ul>\n<p><b style=\"font-size: 14px;\">Nos principaux chantiers\u00a0:<\/b><span><\/span><\/p>\n<ul>\n<li>Camping \u00e0 Bidart (64)<span class=\"Apple-converted-space\">\u00a0<\/span><span><\/span><\/li>\n<li>Lyc\u00e9es \u00e0 Dax (40) et \u00e0 Mourenx (64)<span><\/span><\/li>\n<li>Polyclinique \u00e0 Saint Jean de Luz (64)<span class=\"Apple-converted-space\">\u00a0<\/span><\/li>\n<\/ul>\n<p>[\/et_pb_text][\/et_pb_column][\/et_pb_row][et_pb_row _builder_version=&#8221;4.6.6&#8243; _module_preset=&#8221;default&#8221; column_structure=&#8221;1_3,1_3,1_3&#8243; max_width=&#8221;2560px&#8221; hover_enabled=&#8221;0&#8243; sticky_enabled=&#8221;0&#8243;][et_pb_column _builder_version=&#8221;4.6.6&#8243; _module_preset=&#8221;default&#8221; type=&#8221;1_3&#8243;][et_pb_image src=&#8221;https:\/\/aberelek.com\/wp-content\/uploads\/2022\/12\/ARUDY.png&#8221; title_text=&#8221;ARUDY&#8221; _builder_version=&#8221;4.6.6&#8243; _module_preset=&#8221;default&#8221; width_tablet=&#8221;62%&#8221; width_phone=&#8221;&#8221; width_last_edited=&#8221;on|tablet&#8221; module_alignment_tablet=&#8221;center&#8221; module_alignment_phone=&#8221;&#8221; module_alignment_last_edited=&#8221;on|tablet&#8221;][\/et_pb_image][\/et_pb_column][et_pb_column _builder_version=&#8221;4.6.6&#8243; _module_preset=&#8221;default&#8221; type=&#8221;1_3&#8243;][et_pb_image src=&#8221;https:\/\/aberelek.com\/wp-content\/uploads\/2023\/01\/ARMOIRE.jpg&#8221; _builder_version=&#8221;4.6.6&#8243; _module_preset=&#8221;default&#8221; title_text=&#8221;ARMOIRE&#8221; hover_enabled=&#8221;0&#8243; sticky_enabled=&#8221;0&#8243;][\/et_pb_image][\/et_pb_column][et_pb_column _builder_version=&#8221;4.6.6&#8243; _module_preset=&#8221;default&#8221; type=&#8221;1_3&#8243;][et_pb_image src=&#8221;https:\/\/aberelek.com\/wp-content\/uploads\/2023\/01\/JACIR.jpg&#8221; _builder_version=&#8221;4.6.6&#8243; _module_preset=&#8221;default&#8221; title_text=&#8221;JACIR&#8221; hover_enabled=&#8221;0&#8243; sticky_enabled=&#8221;0&#8243;][\/et_pb_image][\/et_pb_column][\/et_pb_row][\/et_pb_section][et_pb_section fb_built=&#8221;1&#8243; _builder_version=&#8221;4.6.6&#8243; _module_preset=&#8221;default&#8221; custom_padding=&#8221;0px||0px|||&#8221; locked=&#8221;off&#8221;][et_pb_row column_structure=&#8221;1_2,1_2&#8243; _builder_version=&#8221;4.6.6&#8243; _module_preset=&#8221;default&#8221; background_color=&#8221;#ffffff&#8221; width=&#8221;100%&#8221; max_width=&#8221;2560px&#8221; custom_margin=&#8221;5%||||false|false&#8221;][et_pb_column type=&#8221;1_2&#8243; _builder_version=&#8221;4.6.6&#8243; _module_preset=&#8221;default&#8221;][et_pb_text _builder_version=&#8221;4.6.6&#8243; _module_preset=&#8221;default&#8221; header_font=&#8221;|800|||||||&#8221; header_4_font=&#8221;|800|||||||&#8221; header_4_font_size=&#8221;29px&#8221; custom_margin=&#8221;|||20%|false|false&#8221;]<\/p>\n<h4>Un projet ?<\/h4>\n<h4>N&#8217;h\u00e9sitez pas \u00e0 nous contacter !<\/h4>\n<p>[\/et_pb_text][\/et_pb_column][et_pb_column type=&#8221;1_2&#8243; _builder_version=&#8221;4.6.6&#8243; _module_preset=&#8221;default&#8221;][et_pb_button button_url=&#8221;@ET-DC@eyJkeW5hbWljIjp0cnVlLCJjb250ZW50IjoicG9zdF9saW5rX3VybF9wYWdlIiwic2V0dGluZ3MiOnsicG9zdF9pZCI6Ijg3In19@&#8221; button_text=&#8221;NOUS CONTACTER&#8221; button_alignment=&#8221;center&#8221; _builder_version=&#8221;4.6.6&#8243; _dynamic_attributes=&#8221;button_url&#8221; _module_preset=&#8221;default&#8221; custom_button=&#8221;on&#8221; button_text_size=&#8221;30px&#8221; button_text_color=&#8221;#000000&#8243; button_bg_color=&#8221;#e8e8e8&#8243; button_border_width=&#8221;0px&#8221; button_border_radius=&#8221;24px&#8221;][\/et_pb_button][\/et_pb_column][\/et_pb_row][\/et_pb_section]<\/p>\n","protected":false},"excerpt":{"rendered":"<p>[et_pb_section fb_built=&#8221;1&#8243; fullwidth=&#8221;on&#8221; _builder_version=&#8221;4.6.6&#8243; _module_preset=&#8221;default&#8221; locked=&#8221;off&#8221;][et_pb_fullwidth_header title=&#8221;Secteurs d\u2019activit\u00e9s&#8221; _builder_version=&#8221;4.6.6&#8243; _module_preset=&#8221;default&#8221; title_font=&#8221;|800||on|||||&#8221; title_text_align=&#8221;center&#8221; title_font_size=&#8221;50px&#8221; background_image=&#8221;https:\/\/aberelek.com\/wp-content\/uploads\/2023\/01\/SECT-ACT-scaled.jpg&#8221; min_height=&#8221;300px&#8221; custom_padding=&#8221;7%||||false|false&#8221; hover_enabled=&#8221;0&#8243; title_font_size_tablet=&#8221;&#8221; title_font_size_phone=&#8221;30px&#8221; title_font_size_last_edited=&#8221;on|phone&#8221; title_text=&#8221;SECT ACT&#8221; sticky_enabled=&#8221;0&#8243;][\/et_pb_fullwidth_header][\/et_pb_section][et_pb_section fb_built=&#8221;1&#8243; _builder_version=&#8221;4.6.6&#8243; _module_preset=&#8221;default&#8221; locked=&#8221;off&#8221;][et_pb_row _builder_version=&#8221;4.6.6&#8243; _module_preset=&#8221;default&#8221;][et_pb_column type=&#8221;4_4&#8243; _builder_version=&#8221;4.6.6&#8243; _module_preset=&#8221;default&#8221;][et_pb_text _builder_version=&#8221;4.6.6&#8243; _module_preset=&#8221;default&#8221; header_2_font=&#8221;|700|||||||&#8221; text_orientation=&#8221;center&#8221;] Fort de l\u2019exp\u00e9rience de ses collaborateurs, Aberelek intervient sur les secteurs : [\/et_pb_text][\/et_pb_column][\/et_pb_row][et_pb_row column_structure=&#8221;1_3,1_3,1_3&#8243; _builder_version=&#8221;4.6.6&#8243; _module_preset=&#8221;default&#8221; locked=&#8221;off&#8221;][et_pb_column type=&#8221;1_3&#8243; _builder_version=&#8221;4.6.6&#8243; [&hellip;]<\/p>\n","protected":false},"author":1,"featured_media":0,"parent":0,"menu_order":0,"comment_status":"closed","ping_status":"closed","template":"","meta":{"_et_pb_use_builder":"on","_et_pb_old_content":"","_et_gb_content_width":""},"_links":{"self":[{"href":"https:\/\/aberelek.com\/index.php?rest_route=\/wp\/v2\/pages\/315"}],"collection":[{"href":"https:\/\/aberelek.com\/index.php?rest_route=\/wp\/v2\/pages"}],"about":[{"href":"https:\/\/aberelek.com\/index.php?rest_route=\/wp\/v2\/types\/page"}],"author":[{"embeddable":true,"href":"https:\/\/aberelek.com\/index.php?rest_route=\/wp\/v2\/users\/1"}],"replies":[{"embeddable":true,"href":"https:\/\/aberelek.com\/index.php?rest_route=%2Fwp%2Fv2%2Fcomments&post=315"}],"version-history":[{"count":7,"href":"https:\/\/aberelek.com\/index.php?rest_route=\/wp\/v2\/pages\/315\/revisions"}],"predecessor-version":[{"id":369,"href":"https:\/\/aberelek.com\/index.php?rest_route=\/wp\/v2\/pages\/315\/revisions\/369"}],"wp:attachment":[{"href":"https:\/\/aberelek.com\/index.php?rest_route=%2Fwp%2Fv2%2Fmedia&parent=315"}],"curies":[{"name":"wp","href":"https:\/\/api.w.org\/{rel}","templated":true}]}}