{"id":10,"date":"2020-10-26T10:51:29","date_gmt":"2020-10-26T09:51:29","guid":{"rendered":"http:\/\/aberelek.com\/?page_id=10"},"modified":"2023-01-24T08:57:09","modified_gmt":"2023-01-24T07:57:09","slug":"10-2","status":"publish","type":"page","link":"https:\/\/aberelek.com\/","title":{"rendered":"Accueil"},"content":{"rendered":"<p>[et_pb_section fb_built=&#8221;1&#8243; fullwidth=&#8221;on&#8221; _builder_version=&#8221;4.6.6&#8243; _module_preset=&#8221;default&#8221; custom_margin=&#8221;||-0.5%||false|false&#8221; custom_padding=&#8221;||0%||false|false&#8221;][et_pb_fullwidth_image src=&#8221;https:\/\/aberelek.com\/wp-content\/uploads\/2022\/12\/couverture-menu.png&#8221; title_text=&#8221;couverture menu&#8221; _builder_version=&#8221;4.6.6&#8243; _module_preset=&#8221;default&#8221;][\/et_pb_fullwidth_image][\/et_pb_section][et_pb_section fb_built=&#8221;1&#8243; _builder_version=&#8221;4.6.6&#8243; _module_preset=&#8221;default&#8221; custom_padding=&#8221;0px||0px|||&#8221; locked=&#8221;off&#8221;][et_pb_row column_structure=&#8221;1_2,1_2&#8243; _builder_version=&#8221;4.6.6&#8243; _module_preset=&#8221;default&#8221; background_color=&#8221;#ffffff&#8221; width=&#8221;100%&#8221; max_width=&#8221;2560px&#8221; custom_margin=&#8221;0%|auto||auto|false|false&#8221; hover_enabled=&#8221;0&#8243; title_text=&#8221;CONTACT&#8221; background_enable_image=&#8221;off&#8221; sticky_enabled=&#8221;0&#8243; custom_padding=&#8221;|12%||12%|false|true&#8221;][et_pb_column type=&#8221;1_2&#8243; _builder_version=&#8221;4.6.6&#8243; _module_preset=&#8221;default&#8221;][et_pb_text _builder_version=&#8221;4.6.6&#8243; _module_preset=&#8221;default&#8221; header_font=&#8221;|800|||||||&#8221; header_4_font=&#8221;|800|||||||&#8221; header_4_font_size=&#8221;29px&#8221; custom_margin=&#8221;|||20%|false|false&#8221; hover_enabled=&#8221;0&#8243; sticky_enabled=&#8221;0&#8243; custom_padding=&#8221;2.5%||||false|false&#8221;]<\/p>\n<h4>Aberelek recrute des \u00e9lectriciens<\/h4>\n<p>[\/et_pb_text][\/et_pb_column][et_pb_column type=&#8221;1_2&#8243; _builder_version=&#8221;4.6.6&#8243; _module_preset=&#8221;default&#8221;][et_pb_button button_url=&#8221;@ET-DC@eyJkeW5hbWljIjp0cnVlLCJjb250ZW50IjoicG9zdF9saW5rX3VybF9wYWdlIiwic2V0dGluZ3MiOnsicG9zdF9pZCI6Ijg3In19@&#8221; button_text=&#8221;NOUS CONTACTER&#8221; button_alignment=&#8221;center&#8221; _builder_version=&#8221;4.6.6&#8243; _dynamic_attributes=&#8221;button_url&#8221; _module_preset=&#8221;default&#8221; custom_button=&#8221;on&#8221; button_text_size=&#8221;30px&#8221; button_text_color=&#8221;#000000&#8243; button_bg_color=&#8221;#e8e8e8&#8243; button_border_width=&#8221;0px&#8221; button_border_radius=&#8221;24px&#8221;][\/et_pb_button][\/et_pb_column][\/et_pb_row][\/et_pb_section][et_pb_section fb_built=&#8221;1&#8243; _builder_version=&#8221;4.6.6&#8243; _module_preset=&#8221;default&#8221;][et_pb_row column_structure=&#8221;1_2,1_2&#8243; _builder_version=&#8221;4.6.6&#8243; _module_preset=&#8221;default&#8221;][et_pb_column type=&#8221;1_2&#8243; _builder_version=&#8221;4.6.6&#8243; _module_preset=&#8221;default&#8221;][et_pb_text _builder_version=&#8221;4.6.6&#8243; _module_preset=&#8221;default&#8221; header_font=&#8221;|800||on|||||&#8221;]<\/p>\n<h1>l&#8217;entreprise<\/h1>\n<p>[\/et_pb_text][et_pb_divider color=&#8221;#C2C2C2&#8243; divider_weight=&#8221;5px&#8221; _builder_version=&#8221;4.6.6&#8243; _module_preset=&#8221;default&#8221; width=&#8221;15%&#8221; module_alignment=&#8221;left&#8221; custom_margin=&#8221;-7%||||false|false&#8221; custom_margin_tablet=&#8221;-5%||||false|false&#8221; custom_margin_phone=&#8221;&#8221; custom_margin_last_edited=&#8221;on|phone&#8221;][\/et_pb_divider][et_pb_text _builder_version=&#8221;4.6.6&#8243; _module_preset=&#8221;default&#8221;]<\/p>\n<p>Cr\u00e9\u00e9e en 2017, Aberelek est une jeune entreprise, en plein d\u00e9veloppement.<\/p>\n<h2><strong>Notre m\u00e9tier<\/strong><\/h2>\n<p>Nous sommes une entreprise sp\u00e9cialis\u00e9e, garantissant ainsi des comp\u00e9tences pointues dans nos domaines d\u2019activit\u00e9s, \u00e0 savoir<span class=\"Apple-tab-span\"> <\/span> l\u2019\u00e9lectricit\u00e9 industrielle et l\u2019informatique industrielle.<\/p>\n<p>Nous sommes capables de r\u00e9pondre \u00e0 tous les besoins \u00e9lectriques, de la conception \u00e0 l\u2019installation.<span class=\"Apple-converted-space\">\u00a0<\/span><\/p>\n<p>Nous r\u00e9alisons les \u00e9tudes \u00e9lectriques, c\u00e2blons, installons sur site et assurons le SAV, la maintenance de nos prestations.<\/p>\n<p>&nbsp;<\/p>\n<h2><strong>Notre savoir-faire<\/strong><\/h2>\n<p>Une totale adaptation aux besoins du client. Nous \u00e9tablissons toujours un diagnostic pr\u00e9cis de vos installations.<\/p>\n<p>Nous pr\u00e9conisons aussi souvent que possible de garder des \u00e9quipements, de les adapter, de les r\u00e9parer, plut\u00f4t que de les remplacer.<\/p>\n<p>Notre savoir-faire nous permet ainsi de faire des modifications sur site tout en g\u00e9rant la continuit\u00e9 de service.<\/p>\n<p>[\/et_pb_text][\/et_pb_column][et_pb_column type=&#8221;1_2&#8243; _builder_version=&#8221;4.6.6&#8243; _module_preset=&#8221;default&#8221;][et_pb_image src=&#8221;https:\/\/aberelek.com\/wp-content\/uploads\/2022\/12\/LOCAL.jpg&#8221; title_text=&#8221;LOCAL&#8221; _builder_version=&#8221;4.6.6&#8243; _module_preset=&#8221;default&#8221;][\/et_pb_image][\/et_pb_column][\/et_pb_row][\/et_pb_section][et_pb_section fb_built=&#8221;1&#8243; _builder_version=&#8221;4.6.6&#8243; _module_preset=&#8221;default&#8221; background_color=&#8221;#ffffff&#8221;][et_pb_row _builder_version=&#8221;4.6.6&#8243; _module_preset=&#8221;default&#8221; width=&#8221;13%&#8221; width_tablet=&#8221;80%&#8221; width_phone=&#8221;&#8221; width_last_edited=&#8221;on|tablet&#8221;][et_pb_column type=&#8221;4_4&#8243; _builder_version=&#8221;4.6.6&#8243; _module_preset=&#8221;default&#8221;][et_pb_text _builder_version=&#8221;4.6.6&#8243; _module_preset=&#8221;default&#8221; header_2_font=&#8221;|800|||||||&#8221; header_2_text_align=&#8221;center&#8221;]<\/p>\n<h2>NOS VALEURS<\/h2>\n<p>[\/et_pb_text][et_pb_divider color=&#8221;#C2C2C2&#8243; divider_weight=&#8221;5px&#8221; _builder_version=&#8221;4.6.6&#8243; _module_preset=&#8221;default&#8221; width=&#8221;30%&#8221; width_tablet=&#8221;0%&#8221; width_phone=&#8221;0%&#8221; width_last_edited=&#8221;on|tablet&#8221; module_alignment=&#8221;left&#8221; custom_margin=&#8221;||||false|false&#8221; custom_margin_tablet=&#8221;-2%||||false|false&#8221; custom_margin_phone=&#8221;&#8221; custom_margin_last_edited=&#8221;on|desktop&#8221; custom_padding=&#8221;|||25%|false|false&#8221; custom_padding_tablet=&#8221;|||60%|false|false&#8221; custom_padding_phone=&#8221;|||52%|false|false&#8221; custom_padding_last_edited=&#8221;on|phone&#8221;][\/et_pb_divider][\/et_pb_column][\/et_pb_row][et_pb_row column_structure=&#8221;1_5,1_5,1_5,1_5,1_5&#8243; _builder_version=&#8221;4.6.6&#8243; _module_preset=&#8221;default&#8221; module_alignment=&#8221;center&#8221;][et_pb_column type=&#8221;1_5&#8243; _builder_version=&#8221;4.6.6&#8243; _module_preset=&#8221;default&#8221;][et_pb_image src=&#8221;https:\/\/aberelek.com\/wp-content\/uploads\/2020\/10\/qualite-prestations.png&#8221; title_text=&#8221;qualite prestations&#8221; align_tablet=&#8221;center&#8221; align_phone=&#8221;&#8221; align_last_edited=&#8221;on|tablet&#8221; _builder_version=&#8221;4.6.6&#8243; _module_preset=&#8221;default&#8221;][\/et_pb_image][et_pb_text _builder_version=&#8221;4.6.6&#8243; _module_preset=&#8221;default&#8221; header_font=&#8221;|800|||||||&#8221; header_text_align=&#8221;center&#8221; header_3_font=&#8221;|800|||||||&#8221; header_3_text_align=&#8221;center&#8221;]<\/p>\n<h3>La qualit\u00e9 de la prestation fournie<\/h3>\n<h3><\/h3>\n<p>[\/et_pb_text][\/et_pb_column][et_pb_column type=&#8221;1_5&#8243; _builder_version=&#8221;4.6.6&#8243; _module_preset=&#8221;default&#8221;][et_pb_image src=&#8221;https:\/\/aberelek.com\/wp-content\/uploads\/2020\/10\/tenue-engagement.png&#8221; title_text=&#8221;tenue engagement&#8221; align_tablet=&#8221;center&#8221; align_phone=&#8221;&#8221; align_last_edited=&#8221;on|tablet&#8221; _builder_version=&#8221;4.6.6&#8243; _module_preset=&#8221;default&#8221;][\/et_pb_image][et_pb_text _builder_version=&#8221;4.6.6&#8243; _module_preset=&#8221;default&#8221; header_font=&#8221;|800|||||||&#8221; header_text_align=&#8221;center&#8221; header_3_font=&#8221;|800|||||||&#8221; header_3_text_align=&#8221;center&#8221;]<\/p>\n<h3>La tenue de nos engagements<\/h3>\n<h3><\/h3>\n<p>[\/et_pb_text][\/et_pb_column][et_pb_column type=&#8221;1_5&#8243; _builder_version=&#8221;4.6.6&#8243; _module_preset=&#8221;default&#8221;][et_pb_image src=&#8221;https:\/\/aberelek.com\/wp-content\/uploads\/2020\/10\/satisfaction-client.png&#8221; title_text=&#8221;satisfaction client&#8221; align_tablet=&#8221;center&#8221; align_phone=&#8221;&#8221; align_last_edited=&#8221;on|tablet&#8221; _builder_version=&#8221;4.6.6&#8243; _module_preset=&#8221;default&#8221;][\/et_pb_image][et_pb_text _builder_version=&#8221;4.6.6&#8243; _module_preset=&#8221;default&#8221; header_font=&#8221;|800|||||||&#8221; header_text_align=&#8221;center&#8221; header_3_font=&#8221;|800|||||||&#8221; header_3_text_align=&#8221;center&#8221;]<\/p>\n<h3>La satisfaction des attentes du client<\/h3>\n<p>[\/et_pb_text][\/et_pb_column][et_pb_column type=&#8221;1_5&#8243; _builder_version=&#8221;4.6.6&#8243; _module_preset=&#8221;default&#8221;][et_pb_image src=&#8221;https:\/\/aberelek.com\/wp-content\/uploads\/2020\/10\/parteneriat-durable.png&#8221; title_text=&#8221;parteneriat durable&#8221; align_tablet=&#8221;center&#8221; align_phone=&#8221;&#8221; align_last_edited=&#8221;on|tablet&#8221; _builder_version=&#8221;4.6.6&#8243; _module_preset=&#8221;default&#8221;][\/et_pb_image][et_pb_text _builder_version=&#8221;4.6.6&#8243; _module_preset=&#8221;default&#8221; header_font=&#8221;|800|||||||&#8221; header_text_align=&#8221;center&#8221; header_3_font=&#8221;|800|||||||&#8221; header_3_text_align=&#8221;center&#8221;]<\/p>\n<h3>Un partenariat durable<\/h3>\n<p>[\/et_pb_text][\/et_pb_column][et_pb_column type=&#8221;1_5&#8243; _builder_version=&#8221;4.6.6&#8243; _module_preset=&#8221;default&#8221;][et_pb_image src=&#8221;https:\/\/aberelek.com\/wp-content\/uploads\/2020\/10\/relation-confiance.png&#8221; title_text=&#8221;relation confiance&#8221; align_tablet=&#8221;center&#8221; align_phone=&#8221;&#8221; align_last_edited=&#8221;on|tablet&#8221; _builder_version=&#8221;4.6.6&#8243; _module_preset=&#8221;default&#8221;][\/et_pb_image][et_pb_text _builder_version=&#8221;4.6.6&#8243; _module_preset=&#8221;default&#8221; header_font=&#8221;|800|||||||&#8221; header_text_align=&#8221;center&#8221; header_3_font=&#8221;|800|||||||&#8221; header_3_text_align=&#8221;center&#8221;]<\/p>\n<h3>Une relation de confiance<\/h3>\n<p>[\/et_pb_text][\/et_pb_column][\/et_pb_row][\/et_pb_section][et_pb_section fb_built=&#8221;1&#8243; _builder_version=&#8221;4.6.6&#8243; _module_preset=&#8221;default&#8221; background_enable_color=&#8221;off&#8221;][et_pb_row _builder_version=&#8221;4.6.6&#8243; _module_preset=&#8221;default&#8221; width=&#8221;26%&#8221; width_tablet=&#8221;80%&#8221; width_phone=&#8221;&#8221; width_last_edited=&#8221;on|tablet&#8221;][et_pb_column type=&#8221;4_4&#8243; _builder_version=&#8221;4.6.6&#8243; _module_preset=&#8221;default&#8221;][et_pb_text _builder_version=&#8221;4.6.6&#8243; _module_preset=&#8221;default&#8221; header_2_font=&#8221;|800|||||||&#8221; header_2_text_align=&#8221;center&#8221;]<\/p>\n<h2>NOS DOMAINES D&#8217;ACTIVIT\u00c9<\/h2>\n<p>[\/et_pb_text][et_pb_divider color=&#8221;#C2C2C2&#8243; divider_weight=&#8221;5px&#8221; _builder_version=&#8221;4.6.6&#8243; _module_preset=&#8221;default&#8221; width=&#8221;30%&#8221; module_alignment=&#8221;left&#8221; custom_margin=&#8221;-3%||||false|false&#8221; custom_padding=&#8221;|||10%|false|false&#8221;][\/et_pb_divider][\/et_pb_column][\/et_pb_row][et_pb_row column_structure=&#8221;1_3,1_3,1_3&#8243; _builder_version=&#8221;4.6.6&#8243; _module_preset=&#8221;default&#8221;][et_pb_column type=&#8221;1_3&#8243; _builder_version=&#8221;4.6.6&#8243; _module_preset=&#8221;default&#8221;][et_pb_text _builder_version=&#8221;4.6.6&#8243; _dynamic_attributes=&#8221;link_option_url&#8221; _module_preset=&#8221;default&#8221; header_font=&#8221;|800|||||||&#8221; header_text_align=&#8221;center&#8221; header_3_font=&#8221;|800|||||||&#8221; header_3_text_align=&#8221;center&#8221; header_3_text_color=&#8221;#ffffff&#8221; background_color=&#8221;rgba(0,0,0,0.51)&#8221; background_image=&#8221;https:\/\/aberelek.com\/wp-content\/uploads\/2022\/12\/COCAPI.jpg&#8221; background_blend=&#8221;darken&#8221; width=&#8221;100%&#8221; max_width=&#8221;100%&#8221; min_height=&#8221;300px&#8221; custom_padding=&#8221;42%||||false|false&#8221; link_option_url=&#8221;@ET-DC@eyJkeW5hbWljIjp0cnVlLCJjb250ZW50IjoicG9zdF9saW5rX3VybF9wYWdlIiwic2V0dGluZ3MiOnsicG9zdF9pZCI6IjcyIn19@&#8221;]<\/p>\n<h3>\u00c9LECTRICIT\u00c9 INDUSTRIELLE<\/h3>\n<h3><\/h3>\n<p>[\/et_pb_text][\/et_pb_column][et_pb_column type=&#8221;1_3&#8243; _builder_version=&#8221;4.6.6&#8243; _module_preset=&#8221;default&#8221;][et_pb_text _builder_version=&#8221;4.6.6&#8243; _dynamic_attributes=&#8221;link_option_url&#8221; _module_preset=&#8221;default&#8221; header_font=&#8221;|800|||||||&#8221; header_text_align=&#8221;center&#8221; header_3_font=&#8221;|800|||||||&#8221; header_3_text_align=&#8221;center&#8221; header_3_text_color=&#8221;#ffffff&#8221; background_color=&#8221;rgba(0,0,0,0.51)&#8221; background_image=&#8221;https:\/\/aberelek.com\/wp-content\/uploads\/2020\/11\/AUTOMATISME.jpg&#8221; background_position=&#8221;bottom_center&#8221; background_blend=&#8221;darken&#8221; width=&#8221;100%&#8221; max_width=&#8221;100%&#8221; min_height=&#8221;300px&#8221; custom_padding=&#8221;42%||||false|false&#8221; link_option_url=&#8221;@ET-DC@eyJkeW5hbWljIjp0cnVlLCJjb250ZW50IjoicG9zdF9saW5rX3VybF9wYWdlIiwic2V0dGluZ3MiOnsicG9zdF9pZCI6IjU1In19@&#8221;]<\/p>\n<h3>AUTOMATISME, INFORMATIQUE INDUSTRIELLE<\/h3>\n<h3><\/h3>\n<p>[\/et_pb_text][\/et_pb_column][et_pb_column type=&#8221;1_3&#8243; _builder_version=&#8221;4.6.6&#8243; _module_preset=&#8221;default&#8221;][et_pb_text _builder_version=&#8221;4.6.6&#8243; _dynamic_attributes=&#8221;link_option_url&#8221; _module_preset=&#8221;default&#8221; header_font=&#8221;|800|||||||&#8221; header_text_align=&#8221;center&#8221; header_3_font=&#8221;|800||on|||||&#8221; header_3_text_align=&#8221;center&#8221; header_3_text_color=&#8221;#ffffff&#8221; background_color=&#8221;rgba(0,0,0,0.51)&#8221; background_image=&#8221;https:\/\/aberelek.com\/wp-content\/uploads\/2022\/12\/PANNEAUX.jpg&#8221; background_blend=&#8221;darken&#8221; width=&#8221;100%&#8221; max_width=&#8221;100%&#8221; min_height=&#8221;300px&#8221; custom_padding=&#8221;42%||||false|false&#8221; link_option_url=&#8221;@ET-DC@eyJkeW5hbWljIjp0cnVlLCJjb250ZW50IjoicG9zdF9saW5rX3VybF9wYWdlIiwic2V0dGluZ3MiOnsicG9zdF9pZCI6Ijc5In19@&#8221;]<\/p>\n<h3><strong>Secteurs d&#8217;activit\u00e9s<\/strong><\/h3>\n<h3><\/h3>\n<p>[\/et_pb_text][\/et_pb_column][\/et_pb_row][\/et_pb_section]<\/p>\n","protected":false},"excerpt":{"rendered":"<p>[et_pb_section fb_built=&#8221;1&#8243; fullwidth=&#8221;on&#8221; _builder_version=&#8221;4.6.6&#8243; _module_preset=&#8221;default&#8221; custom_margin=&#8221;||-0.5%||false|false&#8221; custom_padding=&#8221;||0%||false|false&#8221;][et_pb_fullwidth_image src=&#8221;https:\/\/aberelek.com\/wp-content\/uploads\/2022\/12\/couverture-menu.png&#8221; title_text=&#8221;couverture menu&#8221; _builder_version=&#8221;4.6.6&#8243; _module_preset=&#8221;default&#8221;][\/et_pb_fullwidth_image][\/et_pb_section][et_pb_section fb_built=&#8221;1&#8243; _builder_version=&#8221;4.6.6&#8243; _module_preset=&#8221;default&#8221; custom_padding=&#8221;0px||0px|||&#8221; locked=&#8221;off&#8221;][et_pb_row column_structure=&#8221;1_2,1_2&#8243; _builder_version=&#8221;4.6.6&#8243; _module_preset=&#8221;default&#8221; background_color=&#8221;#ffffff&#8221; width=&#8221;100%&#8221; max_width=&#8221;2560px&#8221; custom_margin=&#8221;0%|auto||auto|false|false&#8221; hover_enabled=&#8221;0&#8243; title_text=&#8221;CONTACT&#8221; background_enable_image=&#8221;off&#8221; sticky_enabled=&#8221;0&#8243; custom_padding=&#8221;|12%||12%|false|true&#8221;][et_pb_column type=&#8221;1_2&#8243; _builder_version=&#8221;4.6.6&#8243; _module_preset=&#8221;default&#8221;][et_pb_text _builder_version=&#8221;4.6.6&#8243; _module_preset=&#8221;default&#8221; header_font=&#8221;|800|||||||&#8221; header_4_font=&#8221;|800|||||||&#8221; header_4_font_size=&#8221;29px&#8221; custom_margin=&#8221;|||20%|false|false&#8221; hover_enabled=&#8221;0&#8243; sticky_enabled=&#8221;0&#8243; custom_padding=&#8221;2.5%||||false|false&#8221;] Aberelek recrute des \u00e9lectriciens [\/et_pb_text][\/et_pb_column][et_pb_column type=&#8221;1_2&#8243; _builder_version=&#8221;4.6.6&#8243; _module_preset=&#8221;default&#8221;][et_pb_button button_url=&#8221;@ET-DC@eyJkeW5hbWljIjp0cnVlLCJjb250ZW50IjoicG9zdF9saW5rX3VybF9wYWdlIiwic2V0dGluZ3MiOnsicG9zdF9pZCI6Ijg3In19@&#8221; button_text=&#8221;NOUS CONTACTER&#8221; button_alignment=&#8221;center&#8221; _builder_version=&#8221;4.6.6&#8243; _dynamic_attributes=&#8221;button_url&#8221; [&hellip;]<\/p>\n","protected":false},"author":1,"featured_media":0,"parent":0,"menu_order":0,"comment_status":"closed","ping_status":"closed","template":"","meta":{"_et_pb_use_builder":"on","_et_pb_old_content":"","_et_gb_content_width":""},"_links":{"self":[{"href":"https:\/\/aberelek.com\/index.php?rest_route=\/wp\/v2\/pages\/10"}],"collection":[{"href":"https:\/\/aberelek.com\/index.php?rest_route=\/wp\/v2\/pages"}],"about":[{"href":"https:\/\/aberelek.com\/index.php?rest_route=\/wp\/v2\/types\/page"}],"author":[{"embeddable":true,"href":"https:\/\/aberelek.com\/index.php?rest_route=\/wp\/v2\/users\/1"}],"replies":[{"embeddable":true,"href":"https:\/\/aberelek.com\/index.php?rest_route=%2Fwp%2Fv2%2Fcomments&post=10"}],"version-history":[{"count":23,"href":"https:\/\/aberelek.com\/index.php?rest_route=\/wp\/v2\/pages\/10\/revisions"}],"predecessor-version":[{"id":376,"href":"https:\/\/aberelek.com\/index.php?rest_route=\/wp\/v2\/pages\/10\/revisions\/376"}],"wp:attachment":[{"href":"https:\/\/aberelek.com\/index.php?rest_route=%2Fwp%2Fv2%2Fmedia&parent=10"}],"curies":[{"name":"wp","href":"https:\/\/api.w.org\/{rel}","templated":true}]}}